{"id":731,"date":"2013-01-04T07:41:52","date_gmt":"2013-01-04T07:41:52","guid":{"rendered":"http:\/\/www.universoinstalador.com\/catalogo\/calderas\/"},"modified":"2023-10-09T14:23:23","modified_gmt":"2023-10-09T14:23:23","slug":"calderas","status":"publish","type":"page","link":"https:\/\/www.universoinstalador.com\/ca\/catalogo\/calderas\/","title":{"rendered":"Calderes"},"content":{"rendered":"<p>En Univers Instal\u00b7lador t&#8217;oferim una\u00a0<b>\u00e0mplia gamma per comprar la teva calderes a Barcelona<\/b>. A continuaci\u00f3 pots consultar tota la nostra oferta de calderes de primeres marques com <i><a title=\"Comprar caldera BaxiRoca\" href=\"https:\/\/www.universoinstalador.com\/ca\/ofertas-calderas\/roca\/\">Calderes BaxiRoca<\/a>, <a title=\"Comprar caldera Ariston\" href=\"https:\/\/www.universoinstalador.com\/ca\/ofertas-calderas\/ariston\/\">Calderes Ariston<\/a>, <a title=\"Comprar caldera Junkers\" href=\"https:\/\/www.universoinstalador.com\/ca\/ofertas-calderas\/hermann\/\">Calderes Hermann<\/a>, <a title=\"Comprar caldera Beretta\" href=\"https:\/\/www.universoinstalador.com\/ca\/ofertas-calderas\/beretta\/\">Calderes Beretta<\/a>, <a title=\"Comprar caldera Ferroli\" href=\"https:\/\/www.universoinstalador.com\/ca\/ofertas-calderas\/ferroli-2\/\">Calderes Ferroli<\/a>, <a title=\"Comprar caldera Junkers\" href=\"https:\/\/www.universoinstalador.com\/ca\/ofertas-calderas\/junkers-2\/\">Calderes Junkers<\/a>, <a title=\"Comprar caldera Saunier Duval\" href=\"https:\/\/www.universoinstalador.com\/ca\/ofertas-calderas\/saunier-duval-2\/\">Calderes Saunier Duval<\/a> y <a title=\"Comprar caldera Vaillant\" href=\"https:\/\/www.universoinstalador.com\/ca\/ofertas-calderas\/vaillant-2\/\">Calderes Vaillant<\/a><\/i>\u00a0(enlla\u00e7os a les ofertes i preus clicant en cada marca o model). Tots els nostres preus inclouen la instal\u00b7laci\u00f3 i l&#8217;IVA, comprar en la nostra tenda \u00e9s sin\u00f2nim de qualitat i bon preu.<\/p>\n<p>En Univers Instal\u00b7lador tenim m\u00e9s de 30 anys d&#8217;experi\u00e8ncia en el sector i comptem amb\u00a0<b>excel\u00b7lents professionals<\/b>\u00a0que tramiten totes les instal\u00b7lacions\u00a0<b>amb m\u00e9s de 13.000 instal\u00b7lacions realitzades<\/b>\u00a0en tota la capital de la prov\u00edncia de la comunitat aut\u00f2noma de Catalunya.<\/p>\n<p>Ens pots trobar en\u00a0la Carrer Ind\u00fastria (Barcelona) n\u00famero 283 &#8211; codi postal 08041\u00a0&#8211; o cridant-nos al tel\u00e8fon gratu\u00eft 933 602 816. Confia en Univers Instal\u00b7lador per obtenir el millor pressupost.<\/p>\n<p><strong>Recorda: AQU\u00cd tens Instal\u00b7laci\u00f3 i IVA inclosos. Informaci\u00f3 del PLA RENOVE disponible a baix!<\/strong><\/p>\n<p>A baix tens les diferents marques disponibles en la nostra empresa. Dins de cada marca tens tres productes. Aviat solament podr\u00e0s comprar calderes de condensaci\u00f3, les estances i BAJO NOx estaran prohibides, a baix tens tota la informaci\u00f3 sobre la nova normativa.<\/p>\n<h2><span style=\"color: #ff9900;\">Cat\u00e0leg de Calderes de condensaci\u00f3 \u2013 Estances \u2013 BAJO NOx<\/span><\/h2>\n<p><span style=\"color: #ff0000;\"><strong>IMPORTANT !<\/strong><\/span>\u00a0&#8211; Accedeix al producte fent clic.\u00a0<b>Per veure tots els models<\/b>\u00a0en oferta d&#8217;una marca i els seus preus\u00a0<b>clica en la marca o a \u201cVeure totes..\u201d<\/b>. Atenem a tota Espanya, encara que estem situats a la prov\u00edncia de Barcelona, Catalunya.<\/p>\n","protected":false},"excerpt":{"rendered":"<p>En Univers Instal\u00b7lador t&#8217;oferim una\u00a0\u00e0mplia gamma per comprar la teva calderes a Barcelona. A continuaci\u00f3 pots consultar tota la nostra oferta de calderes de primeres marques com Calderes BaxiRoca, Calderes Ariston, Calderes Hermann, Calderes Beretta, Calderes Ferroli, Calderes Junkers, Calderes Saunier Duval y Calderes Vaillant\u00a0(enlla\u00e7os a les ofertes i preus clicant en cada marca o [&hellip;]<\/p>\n","protected":false},"author":1,"featured_media":6399,"parent":724,"menu_order":1,"comment_status":"open","ping_status":"open","template":"page-catalogo_OLD.php","meta":[],"aioseo_notices":[],"_links":{"self":[{"href":"https:\/\/www.universoinstalador.com\/ca\/wp-json\/wp\/v2\/pages\/731"}],"collection":[{"href":"https:\/\/www.universoinstalador.com\/ca\/wp-json\/wp\/v2\/pages"}],"about":[{"href":"https:\/\/www.universoinstalador.com\/ca\/wp-json\/wp\/v2\/types\/page"}],"author":[{"embeddable":true,"href":"https:\/\/www.universoinstalador.com\/ca\/wp-json\/wp\/v2\/users\/1"}],"replies":[{"embeddable":true,"href":"https:\/\/www.universoinstalador.com\/ca\/wp-json\/wp\/v2\/comments?post=731"}],"version-history":[{"count":0,"href":"https:\/\/www.universoinstalador.com\/ca\/wp-json\/wp\/v2\/pages\/731\/revisions"}],"up":[{"embeddable":true,"href":"https:\/\/www.universoinstalador.com\/ca\/wp-json\/wp\/v2\/pages\/724"}],"wp:featuredmedia":[{"embeddable":true,"href":"https:\/\/www.universoinstalador.com\/ca\/wp-json\/wp\/v2\/media\/6399"}],"wp:attachment":[{"href":"https:\/\/www.universoinstalador.com\/ca\/wp-json\/wp\/v2\/media?parent=731"}],"curies":[{"name":"wp","href":"https:\/\/api.w.org\/{rel}","templated":true}]}}